{"id":19,"date":"2025-11-29T01:08:43","date_gmt":"2025-11-29T01:08:43","guid":{"rendered":"https:\/\/estudiosomori.cl\/?page_id=19"},"modified":"2026-01-08T20:52:46","modified_gmt":"2026-01-08T20:52:46","slug":"nosotros","status":"publish","type":"page","link":"https:\/\/estudiosomori.cl\/?page_id=19","title":{"rendered":"Nosotros"},"content":{"rendered":"\n<div class=\"wp-block-kenta-blocks-spacer kb-spacer-d0e3e02e kb-spacer\" aria-hidden=\"true\"><\/div>\n\n\n\n<div class=\"wp-block-kenta-blocks-cover alignfull kb-cover-e9f74b4e kb-cover kb-cover-has-overlay\"><div class=\"kb-cover-inner-container\">\n<div class=\"wp-block-kenta-blocks-section kb-section-6b511efd kb-section\">\n<div class=\"wp-block-kenta-blocks-column kb-column-wrapper kb-column-wrapper-05fb1a03\"><div class=\"kb-column kb-column-05fb1a03\"><div class=\"kb-column-content\">\n<hr class=\"wp-block-kenta-blocks-separator kb-separator-1173daec kb-separator\"\/>\n\n\n\n<div class=\"wp-block-kenta-blocks-heading kb-heading kb-heading-h1 kb-heading-c6ddcfd0 kenta-scroll-reveal\"><h1 class=\"\"><strong>QUI\u00c9NES SOMOS<\/strong><\/h1><\/div>\n\n\n\n<hr class=\"wp-block-kenta-blocks-separator kb-separator-1632fad1 kb-separator\"\/>\n\n\n\n<div class=\"wp-block-kenta-blocks-paragraph kb-paragraph kb-paragraph-1cfc3775\"><p class=\"\"><strong>PERSONAS QUE CONECTAN CONOCIMIENTO, EDUCACI\u00d3N Y ENTORNO<\/strong><\/p><\/div>\n\n\n\n<hr class=\"wp-block-kenta-blocks-separator kb-separator-f2f5ac2f kb-separator\"\/>\n\n\n\n<div class=\"wp-block-kenta-blocks-paragraph kb-paragraph kb-paragraph-c4d8fce3 kenta-scroll-reveal\"><p class=\"\"><strong>Estudios Omori conecta ciencia, personas y territorio.<\/strong> Desarrollamos educaci\u00f3n ambiental, divulgaci\u00f3n cient\u00edfica y consultor\u00eda con enfoque contextual y colaborativo.<\/p><\/div>\n<\/div><\/div><\/div>\n<\/div>\n<\/div><\/div>\n\n\n\n<div class=\"wp-block-kenta-blocks-spacer kb-spacer-fbda4f2b kb-spacer\" aria-hidden=\"true\"><\/div>\n\n\n\n<div class=\"wp-block-kenta-blocks-section kb-section-6a0f0873 kb-section\">\n<div class=\"wp-block-kenta-blocks-column kb-column-wrapper kb-column-wrapper-a65b4b48\"><div class=\"kb-column kb-column-a65b4b48\"><div class=\"kb-column-content\">\n<div class=\"wp-block-kenta-blocks-heading kb-heading kb-heading-h2 kb-heading-46a123e7\"><h2 class=\"\">Misi\u00f3n<\/h2><\/div>\n<\/div><\/div><\/div>\n\n\n\n<div class=\"wp-block-kenta-blocks-column kb-column-wrapper kb-column-wrapper-eb11c692\"><div class=\"kb-column kb-column-eb11c692\"><div class=\"kb-column-content\">\n<div class=\"wp-block-kenta-blocks-heading kb-heading kb-heading-h2 kb-heading-6a7ab955\"><h2 class=\"\">Visi\u00f3n<\/h2><\/div>\n<\/div><\/div><\/div>\n\n\n\n<div class=\"wp-block-kenta-blocks-column kb-column-wrapper kb-column-wrapper-2642c36a\"><div class=\"kb-column kb-column-2642c36a\"><div class=\"kb-column-content\">\n<div class=\"wp-block-columns is-layout-flex wp-container-core-columns-is-layout-28f84493 wp-block-columns-is-layout-flex\">\n<div class=\"wp-block-column is-layout-flow wp-block-column-is-layout-flow\">\n<blockquote class=\"wp-block-quote is-style-default has-background is-layout-flow wp-block-quote-is-layout-flow\" style=\"background-color:#f2ece1c4;font-style:normal;font-weight:400\">\n<p class=\"has-text-align-center has-kenta-accent-active-color has-text-color has-link-color wp-elements-c4f04ddac83b65ae37602882e7ae8355\"><strong>Estudios Omori existe para satisfacer la necesidad de comprender, vincular y actuar responsablemente frente al entorno natural y social, traduciendo conocimiento cient\u00edfico en aprendizajes, herramientas y decisiones significativas para personas, comunidades e instituciones a lo largo del pa\u00eds.<\/strong><\/p>\n<\/blockquote>\n<\/div>\n\n\n\n<div class=\"wp-block-column is-layout-flow wp-block-column-is-layout-flow\">\n<blockquote class=\"wp-block-quote has-background is-layout-flow wp-block-quote-is-layout-flow\" style=\"background-color:#f2ece1c4\">\n<p class=\"has-text-align-center has-kenta-accent-active-color has-text-color has-link-color wp-elements-60b9ad6906781acf0713048b5c1c70ee\"><em><strong>\u00bb En un mundo marcado por crecientes problem\u00e1ticas socioambientales, la desconexi\u00f3n con la naturaleza y el exceso de informaci\u00f3n poco comprensible, Estudios Omori aspira a ser un nexo entre la sociedad y los ecosistemas, facilitando informaci\u00f3n y herramientas claras y rigurosas que permitan a comunidades, instituciones p\u00fablicas y privadas tomar decisiones responsables respecto de su medioambiente y el uso de sus recursos.\u00bb<\/strong><\/em> <\/p>\n<\/blockquote>\n<\/div>\n<\/div>\n\n\n\n<div class=\"wp-block-kenta-blocks-heading kb-heading kb-heading-h2 kb-heading-8f2b340d\"><h2 class=\"\">Nosotros<\/h2><\/div>\n<\/div><\/div><\/div>\n<\/div>\n\n\n\n<div class=\"wp-block-kenta-blocks-section kb-section-24e8abb0 kb-section\">\n<div class=\"wp-block-kenta-blocks-column kb-column-wrapper kb-column-wrapper-8e14581d\"><div class=\"kb-column kb-column-8e14581d\"><div class=\"kb-column-content\">\n<div class=\"wp-block-columns is-layout-flex wp-container-core-columns-is-layout-28f84493 wp-block-columns-is-layout-flex\">\n<div class=\"wp-block-column is-layout-flow wp-block-column-is-layout-flow\">\n<figure class=\"wp-block-image aligncenter size-full has-custom-border\"><img loading=\"lazy\" decoding=\"async\" width=\"300\" height=\"362\" src=\"https:\/\/estudiosomori.cl\/wp-content\/uploads\/2025\/12\/Captura-de-Pantalla-2025-12-09-a-las-17.39.46-e1766367313430.png\" alt=\"\" class=\"wp-image-478\" style=\"border-style:none;border-width:0px;border-top-left-radius:30px;border-top-right-radius:30px;border-bottom-left-radius:30px;border-bottom-right-radius:30px\" srcset=\"https:\/\/estudiosomori.cl\/wp-content\/uploads\/2025\/12\/Captura-de-Pantalla-2025-12-09-a-las-17.39.46-e1766367313430.png 300w, https:\/\/estudiosomori.cl\/wp-content\/uploads\/2025\/12\/Captura-de-Pantalla-2025-12-09-a-las-17.39.46-e1766367313430-249x300.png 249w\" sizes=\"auto, (max-width: 300px) 100vw, 300px\" \/><\/figure>\n\n\n\n<div class=\"wp-block-kenta-blocks-paragraph kb-paragraph kb-paragraph-f3453e69\"><p class=\"\"><strong>Joaqu\u00edn I. Beltr\u00e1n B.<br><\/strong>Ingeniero en Recursos Naturales Renovables<\/p><\/div>\n<\/div>\n\n\n\n<div class=\"wp-block-column is-layout-flow wp-block-column-is-layout-flow\">\n<figure class=\"wp-block-image aligncenter size-full has-custom-border\"><img loading=\"lazy\" decoding=\"async\" width=\"300\" height=\"362\" src=\"https:\/\/estudiosomori.cl\/wp-content\/uploads\/2025\/12\/isabel-maldonado-a-1-e1766367427782.jpg\" alt=\"\" class=\"wp-image-479\" style=\"border-top-left-radius:30px;border-top-right-radius:30px;border-bottom-left-radius:30px;border-bottom-right-radius:30px\" srcset=\"https:\/\/estudiosomori.cl\/wp-content\/uploads\/2025\/12\/isabel-maldonado-a-1-e1766367427782.jpg 300w, https:\/\/estudiosomori.cl\/wp-content\/uploads\/2025\/12\/isabel-maldonado-a-1-e1766367427782-249x300.jpg 249w\" sizes=\"auto, (max-width: 300px) 100vw, 300px\" \/><\/figure>\n\n\n\n<div class=\"wp-block-kenta-blocks-paragraph kb-paragraph kb-paragraph-9c8bc0a3\"><p class=\"\"><strong>Isabel V. Maldonado A.<\/strong><br>M\u00e9dico Veterinaria &#8211; MBA<\/p><\/div>\n<\/div>\n<\/div>\n<\/div><\/div><\/div>\n<\/div>\n\n\n\n<div class=\"wp-block-kenta-blocks-cover alignfull kb-cover-3308ea2c kb-cover\" id=\"servicios-educacion\"><div class=\"kb-cover-inner-container\">\n<div class=\"wp-block-media-text is-stacked-on-mobile is-image-fill-element kenta-scroll-reveal\" style=\"grid-template-columns:42% auto\"><figure class=\"wp-block-media-text__media\"><img loading=\"lazy\" decoding=\"async\" width=\"724\" height=\"814\" src=\"https:\/\/estudiosomori.cl\/wp-content\/uploads\/2025\/12\/joaquin-trabajando-c-e1766370337379.jpeg\" alt=\"\" class=\"wp-image-500 size-full\" style=\"object-position:46% 60%\" srcset=\"https:\/\/estudiosomori.cl\/wp-content\/uploads\/2025\/12\/joaquin-trabajando-c-e1766370337379.jpeg 724w, https:\/\/estudiosomori.cl\/wp-content\/uploads\/2025\/12\/joaquin-trabajando-c-e1766370337379-267x300.jpeg 267w\" sizes=\"auto, (max-width: 724px) 100vw, 724px\" \/><\/figure><div class=\"wp-block-media-text__content\">\n<div class=\"wp-block-kenta-blocks-heading kb-heading kb-heading-h3 kb-heading-ad25241c kenta-scroll-reveal\"><h3 class=\"\"><strong>Joaqu\u00edn B.<\/strong><\/h3><\/div>\n\n\n\n<div class=\"wp-block-kenta-blocks-paragraph kb-paragraph kb-paragraph-0b3789b7 kenta-scroll-reveal\"><p class=\"\"><strong>Joaqu\u00edn <\/strong>es <strong>Ingeniero en Recursos Naturales Renovables<\/strong>, con experiencia en gesti\u00f3n administrativa, coordinaci\u00f3n institucional y proyectos de desarrollo territorial y sostenibilidad. Su trayectoria combina<strong> trabajo t\u00e9cnico, gesti\u00f3n educacional y vinculaci\u00f3n con comunidades e instituciones p\u00fablicas y privadas<\/strong>.<br><br>Ha liderado procesos de planificaci\u00f3n, administraci\u00f3n y cumplimiento normativo en el \u00e1mbito educacional, adem\u00e1s de participar en iniciativas de levantamiento de informaci\u00f3n ambiental, control de calidad y formaci\u00f3n comunitaria. Cuenta con experiencia en <strong>educaci\u00f3n ambiental, trabajo en terreno y comunicaci\u00f3n organizacional,<\/strong> junto con una trayectoria internacional en Nueva Zelanda vinculada a <strong>interpretaci\u00f3n ambiental y turismo de naturaleza<\/strong>, con dominio profesional de ingl\u00e9s y espa\u00f1ol.<\/p><\/div>\n<\/div><\/div>\n<\/div><\/div>\n\n\n\n<div class=\"wp-block-media-text alignwide has-media-on-the-right is-stacked-on-mobile is-image-fill-element kenta-scroll-reveal\" style=\"grid-template-columns:auto 39%\" id=\"servicios-comunicacion\"><div class=\"wp-block-media-text__content\">\n<div class=\"wp-block-kenta-blocks-heading kb-heading kb-heading-h3 kb-heading-ea639b75 kenta-scroll-reveal\"><h3 class=\"\"><strong>Isabel M.<\/strong><\/h3><\/div>\n\n\n\n<div class=\"wp-block-kenta-blocks-paragraph kb-paragraph kb-paragraph-fb2c1f4d kenta-scroll-reveal\"><p class=\"\"><strong>Isabel <\/strong>es <strong>M\u00e9dico Veterinario y MBA<\/strong>, con m\u00e1s de diez a\u00f1os de experiencia en comunicaci\u00f3n estrat\u00e9gica, divulgaci\u00f3n cient\u00edfica, vinculaci\u00f3n con el medio y gesti\u00f3n de proyectos en contextos acad\u00e9micos, institucionales y corporativos.<br><br>Ha desarrollado y liderado <strong>estrategias de comunicaci\u00f3n, posicionamiento institucional y relacionamiento con actores p\u00fablicos y privados<\/strong>, combinando formaci\u00f3n cient\u00edfica con habilidades en marketing digital, gesti\u00f3n de contenidos, liderazgo de equipos y comunicaci\u00f3n de crisis. Su trayectoria incluye trabajo en el \u00e1mbito universitario, organizaciones y consultor\u00edas, adem\u00e1s de experiencia internacional en Nueva Zelanda, fortaleciendo competencias en comunicaci\u00f3n intercultural y dominio avanzado del ingl\u00e9s.<\/p><\/div>\n<\/div><figure class=\"wp-block-media-text__media\"><img loading=\"lazy\" decoding=\"async\" width=\"1024\" height=\"793\" src=\"https:\/\/estudiosomori.cl\/wp-content\/uploads\/2025\/12\/isabel-trabajando-1024x793.jpeg\" alt=\"\" class=\"wp-image-495 size-full\" style=\"object-position:50% 50%\" srcset=\"https:\/\/estudiosomori.cl\/wp-content\/uploads\/2025\/12\/isabel-trabajando-1024x793.jpeg 1024w, https:\/\/estudiosomori.cl\/wp-content\/uploads\/2025\/12\/isabel-trabajando-300x232.jpeg 300w, https:\/\/estudiosomori.cl\/wp-content\/uploads\/2025\/12\/isabel-trabajando-768x595.jpeg 768w, https:\/\/estudiosomori.cl\/wp-content\/uploads\/2025\/12\/isabel-trabajando.jpeg 1280w\" sizes=\"auto, (max-width: 1024px) 100vw, 1024px\" \/><\/figure><\/div>\n\n\n\n<hr class=\"wp-block-kenta-blocks-separator kb-separator-fec71b72 kb-separator\"\/>\n\n\n\n<hr class=\"wp-block-kenta-blocks-separator kb-separator-85ed4b13 kb-separator\"\/>\n\n\n\n<div class=\"wp-block-kenta-blocks-section kb-section-91255a0b kb-section\">\n<div class=\"wp-block-kenta-blocks-column kb-column-wrapper kb-column-wrapper-0da0c9d8\"><div class=\"kb-column kb-column-0da0c9d8\"><div class=\"kb-column-content\">\n<figure class=\"wp-block-image alignfull size-large\"><img loading=\"lazy\" decoding=\"async\" width=\"960\" height=\"327\" src=\"https:\/\/estudiosomori.cl\/wp-content\/uploads\/2025\/12\/joaquin-e-isabel-en-nz-e1766369883276-edited.jpeg\" alt=\"\" class=\"wp-image-497\" srcset=\"https:\/\/estudiosomori.cl\/wp-content\/uploads\/2025\/12\/joaquin-e-isabel-en-nz-e1766369883276-edited.jpeg 960w, https:\/\/estudiosomori.cl\/wp-content\/uploads\/2025\/12\/joaquin-e-isabel-en-nz-e1766369883276-edited-300x102.jpeg 300w, https:\/\/estudiosomori.cl\/wp-content\/uploads\/2025\/12\/joaquin-e-isabel-en-nz-e1766369883276-edited-768x262.jpeg 768w\" sizes=\"auto, (max-width: 960px) 100vw, 960px\" \/><\/figure>\n<\/div><\/div><\/div>\n<\/div>\n\n\n\n<p style=\"border-style:none;border-width:0px;margin-right:0;margin-left:0\">Juntos, <strong>Isabel y Joaqu\u00edn<\/strong> suman <strong>experiencia internacional en Nueva Zelanda,<\/strong> la que marc\u00f3 un punto clave en su desarrollo profesional. Durante este per\u00edodo, ambos fortalecieron competencias en trabajo en terreno, comunicaci\u00f3n con p\u00fablicos diversos, educaci\u00f3n ambiental e interpretaci\u00f3n del entorno natural, en <strong>contextos multiculturales y de alta valoraci\u00f3n por la conservaci\u00f3n<\/strong>.<br><br>Esta etapa les permiti\u00f3 consolidar una <strong>mirada integradora entre ciencia, educaci\u00f3n, gesti\u00f3n y territorio<\/strong>, incorporando<strong>est\u00e1ndares internacionales, enfoque pr\u00e1ctico<\/strong> y una comprensi\u00f3n profunda del v\u00ednculo entre naturaleza y personas. Estos aprendizajes hoy se reflejan directamente en la forma de trabajo y en los servicios que desarrolla<strong>Estudios Omori<\/strong>.<\/p>\n\n\n\n<hr class=\"wp-block-kenta-blocks-separator kb-separator-e6acbc03 kb-separator\"\/>\n\n\n\n<hr class=\"wp-block-kenta-blocks-separator kb-separator-0e48caaa kb-separator\"\/>\n\n\n\n<hr class=\"wp-block-kenta-blocks-separator kb-separator-af46c0b3 kb-separator\"\/>\n\n\n\n<hr class=\"wp-block-kenta-blocks-separator kb-separator-3d25bbb9 kb-separator\"\/>\n\n\n\n<div class=\"wp-block-kenta-blocks-heading kb-heading kb-heading-h2 kb-heading-90462d17\"><h2 class=\"\">Valores<\/h2><\/div>\n\n\n\n<div class=\"wp-block-kenta-blocks-paragraph kb-paragraph kb-paragraph-d4709af9\"><p class=\"\"><strong>En Estudios Omori actuamos guiados por valores humanos universales que orientan nuestras decisiones y relaciones:<\/strong><\/p><\/div>\n\n\n\n<div class=\"wp-block-kenta-blocks-section kb-section-3609b25d kb-section\">\n<div class=\"wp-block-kenta-blocks-column kb-column-wrapper kb-column-wrapper-6c3dae1d\"><div class=\"kb-column kb-column-6c3dae1d\"><div class=\"kb-column-content\">\n<div class=\"wp-block-kenta-blocks-paragraph kb-paragraph kb-paragraph-4afb0f3b\"><p class=\"\"><strong>Compromiso<\/strong>:<\/p><\/div>\n\n\n\n<div class=\"wp-block-kenta-blocks-paragraph kb-paragraph kb-paragraph-91666451\"><p class=\"\">Asumimos responsabilidad real sobre lo que hacemos y lo que comunicamos.<\/p><\/div>\n<\/div><\/div><\/div>\n\n\n\n<div class=\"wp-block-kenta-blocks-column kb-column-wrapper kb-column-wrapper-3a706f94\"><div class=\"kb-column kb-column-3a706f94\"><div class=\"kb-column-content\">\n<div class=\"wp-block-kenta-blocks-paragraph kb-paragraph kb-paragraph-8c717113\"><p class=\"\"><strong>Rigor<\/strong>: <\/p><\/div>\n\n\n\n<div class=\"wp-block-kenta-blocks-paragraph kb-paragraph kb-paragraph-163ae680\"><p class=\"\">Trabajamos desde el rigor del m\u00e9todo cient\u00edfico al servicio de la sociedad y el medioambiente.<\/p><\/div>\n<\/div><\/div><\/div>\n\n\n\n<div class=\"wp-block-kenta-blocks-column kb-column-wrapper kb-column-wrapper-8d4a900c\"><div class=\"kb-column kb-column-8d4a900c\"><div class=\"kb-column-content\">\n<div class=\"wp-block-kenta-blocks-paragraph kb-paragraph kb-paragraph-786473be\"><p class=\"\"><strong>Integridad<\/strong>: <\/p><\/div>\n\n\n\n<div class=\"wp-block-kenta-blocks-paragraph kb-paragraph kb-paragraph-aecbb78e\"><p class=\"\">Actuamos con honestidad, conciencia y transparencia en todas nuestras labores.<\/p><\/div>\n<\/div><\/div><\/div>\n\n\n\n<div class=\"wp-block-kenta-blocks-column kb-column-wrapper kb-column-wrapper-689aa1e3\"><div class=\"kb-column kb-column-689aa1e3\"><div class=\"kb-column-content\">\n<div class=\"wp-block-kenta-blocks-paragraph kb-paragraph kb-paragraph-2d7e08ca\"><p class=\"\"><strong>Trabajo en equipo<\/strong>: <\/p><\/div>\n\n\n\n<div class=\"wp-block-kenta-blocks-paragraph kb-paragraph kb-paragraph-9554cf17\"><p class=\"\">Valoramos el trabajo en equipo y fomentamos un ambiente colaborativo para lograr resultados excepcionales.<\/p><\/div>\n<\/div><\/div><\/div>\n<\/div>\n\n\n\n<div class=\"wp-block-kenta-blocks-spacer kb-spacer-d5344aa9 kb-spacer\" aria-hidden=\"true\"><\/div>\n\n\n\n<p><\/p>\n\n\n\n<div class=\"wp-block-kenta-blocks-spacer kb-spacer-c6ae78fd kb-spacer\" aria-hidden=\"true\"><\/div>\n","protected":false},"excerpt":{"rendered":"<p>Juntos, Isabel y Joaqu\u00edn suman experiencia internacional en Nueva Zelanda, la que marc\u00f3 un punto clave en su desarrollo profesional. Durante este per\u00edodo, ambos fortalecieron competencias en trabajo en terreno, comunicaci\u00f3n con p\u00fablicos diversos, educaci\u00f3n ambiental e interpretaci\u00f3n del entorno natural, en contextos multiculturales y de alta valoraci\u00f3n por la conservaci\u00f3n. Esta etapa les permiti\u00f3 [&hellip;]<\/p>\n","protected":false},"author":1,"featured_media":0,"parent":0,"menu_order":0,"comment_status":"closed","ping_status":"closed","template":"","meta":{"site-container-style":"default","site-container-layout":"default","site-sidebar-layout":"default","site-transparent-header":"default","disable-article-header":"default","disable-site-header":"default","disable-site-footer":"default","disable-content-area-spacing":"default","footnotes":""},"class_list":["post-19","page","type-page","status-publish","hentry"],"_links":{"self":[{"href":"https:\/\/estudiosomori.cl\/index.php?rest_route=\/wp\/v2\/pages\/19","targetHints":{"allow":["GET"]}}],"collection":[{"href":"https:\/\/estudiosomori.cl\/index.php?rest_route=\/wp\/v2\/pages"}],"about":[{"href":"https:\/\/estudiosomori.cl\/index.php?rest_route=\/wp\/v2\/types\/page"}],"author":[{"embeddable":true,"href":"https:\/\/estudiosomori.cl\/index.php?rest_route=\/wp\/v2\/users\/1"}],"replies":[{"embeddable":true,"href":"https:\/\/estudiosomori.cl\/index.php?rest_route=%2Fwp%2Fv2%2Fcomments&post=19"}],"version-history":[{"count":34,"href":"https:\/\/estudiosomori.cl\/index.php?rest_route=\/wp\/v2\/pages\/19\/revisions"}],"predecessor-version":[{"id":523,"href":"https:\/\/estudiosomori.cl\/index.php?rest_route=\/wp\/v2\/pages\/19\/revisions\/523"}],"wp:attachment":[{"href":"https:\/\/estudiosomori.cl\/index.php?rest_route=%2Fwp%2Fv2%2Fmedia&parent=19"}],"curies":[{"name":"wp","href":"https:\/\/api.w.org\/{rel}","templated":true}]}}